{"id":10,"date":"2012-05-06T09:41:20","date_gmt":"2012-05-06T08:41:20","guid":{"rendered":"http:\/\/hughesrenier.be\/test-page\/"},"modified":"2023-01-11T12:47:54","modified_gmt":"2023-01-11T11:47:54","slug":"livres-illustres","status":"publish","type":"page","link":"http:\/\/hughesrenier.be\/?page_id=10","title":{"rendered":"Livres illustr\u00e9s"},"content":{"rendered":"\n<h4><mark style=\"background-color:rgba(0, 0, 0, 0)\" class=\"has-inline-color has-vivid-red-color\"><strong>Tous les albums peuvent \u00eatre<a href=\"https:\/\/www.anartiste.be\/commande\/\" target=\"_blank\" rel=\"noreferrer noopener\"> command\u00e9s et livr\u00e9s<\/a><\/strong><\/mark><strong><mark style=\"background-color:rgba(0, 0, 0, 0)\" class=\"has-inline-color has-vivid-red-color\"> <\/mark><\/strong>(frais de livraison en fonction du pays). <br \/><\/h4>\n\n\n\n<h2><mark style=\"background-color:rgba(0, 0, 0, 0);color:#9c0909\" class=\"has-inline-color\">Trilogie<\/mark><\/h2>\n\n\n\n<p><a href=\"https:\/\/hughesrenier.be\/?p=1766\">plus d&rsquo;info<\/a><\/p>\n\n\n\n<h3>1.<span style=\"color: #800000;\">Ies courants silencieux du r\u00eave.<\/span><\/h3>\n\n\n\n<h2><a href=\"http:\/\/hughesrenier.be\/wp-content\/uploads\/2012\/05\/courant.page_.jpg\"><img decoding=\"async\" loading=\"lazy\" class=\"alignleft size-full wp-image-169\" title=\"courant.page\" src=\"http:\/\/hughesrenier.be\/wp-content\/uploads\/2012\/05\/courant.page_.jpg\" alt=\"\" width=\"300\" height=\"423\" srcset=\"http:\/\/hughesrenier.be\/wp-content\/uploads\/2012\/05\/courant.page_.jpg 300w, http:\/\/hughesrenier.be\/wp-content\/uploads\/2012\/05\/courant.page_-212x300.jpg 212w\" sizes=\"(max-width: 300px) 100vw, 300px\" \/><\/a><\/h2>\n\n\n\n<p><span style=\"color: #808080;\">Sorti en septembre 2002, \u00e0 l&rsquo;occasion du<span class=\"has-inline-color has-cyan-bluish-gray-color\"> <span style=\"color: #993300;\"><span style=\"color: #993300;\"><strong>Festival de la BD d&rsquo;Arlon<\/strong><\/span><\/span>,<\/span> o\u00f9 il a remport\u00e9 le <strong><span class=\"has-inline-color has-vivid-red-color\">1<sup>er <\/sup>prix du premier album<\/span><\/strong> (1<sup>re<\/sup> \u00e9dition \u00e9puis\u00e9e).<\/span><\/p>\n\n\n\n<p><span style=\"color: #808080;\"><a title=\"maison d'\u00e9dition\" href=\"http:\/\/www.bedephage.com\/\"><span style=\"color: #808080;\"><span style=\"color: #993300;\"><code><strong>Maison d'\u00e9dition : LOUP<\/strong><\/code><\/span><br \/><\/span><\/a><\/span><\/p>\n\n\n\n<p><span style=\"color: #808080;\">&nbsp;<\/span><\/p>\n\n\n\n<h4><span style=\"color: #993300;\"> prix\u00a0 17 \u20ac .<\/span><\/h4>\n\n\n\n<p><\/p>\n\n\n\n<p><\/p>\n\n\n\n<blockquote class=\"wp-block-quote\">\n<p><span style=\"color: #808080;\"><em>\u00a0\u00bb Les courants silencieux du r\u00eave, un conte fantastique dont les 18 illustrations ont n\u00e9cessit\u00e9 chacune trois mois de travail. M\u00eame r\u00e9duit au format album, leur trait, d&rsquo;une incroyable pr\u00e9cision, conserve une force peu banale. Cet enchev\u00eatrement de v\u00e9g\u00e9taux et d&rsquo;architecture (beaucoup de b\u00e2timents bruxellois) est un r\u00e9gal pour l&rsquo;\u0153il qui prend le temps de s&rsquo;arr\u00eater. De la toute grande illustration noir et blanc, que n&rsquo;aurait pas reni\u00e9e un certain Jules Verne pour ses romans fantastiques. \u00ab\u00a0<\/em><\/span><\/p>\n<cite>St\u00e9phane Renard, r\u00e9dacteur en chef du Vif l&rsquo;Express<\/cite><\/blockquote>\n\n\n\n<p><span style=\"color: #808080;\">&nbsp;<\/span><span style=\"color: #808080;\">&nbsp;<\/span><\/p>\n\n\n\n<h3><mark style=\"background-color:rgba(0, 0, 0, 0);color:#9c0e0e\" class=\"has-inline-color\">2<\/mark><span style=\"color: #800000;\">. Les Flutiaux du bord de Seine<\/span><\/h3>\n\n\n<div class=\"wp-block-image\">\n<figure class=\"alignleft\"><img decoding=\"async\" loading=\"lazy\" width=\"300\" height=\"413\" src=\"http:\/\/hughesrenier.be\/wp-content\/uploads\/2012\/05\/couverture-flutiaux.jpg\" alt=\"\" class=\"wp-image-170\" title=\"couverture-flutiaux\" srcset=\"http:\/\/hughesrenier.be\/wp-content\/uploads\/2012\/05\/couverture-flutiaux.jpg 300w, http:\/\/hughesrenier.be\/wp-content\/uploads\/2012\/05\/couverture-flutiaux-217x300.jpg 217w\" sizes=\"(max-width: 300px) 100vw, 300px\" \/><\/figure><\/div>\n\n\n<p><span style=\"color: #808080;\"><a href=\"http:\/\/hughesrenier.be\/wp-content\/uploads\/2012\/05\/couverture-flutiaux.jpg\"><span style=\"color: #808080;\"><\/span><\/a>Sorti en septembre 2005. Exposition de diff\u00e9rentes planches au <span style=\"color: #993300;\"><strong><span style=\"color: #993300;\">23<sup>e<\/sup> Festival d&rsquo;Audincourt.<\/span><\/strong><\/span><\/span><\/p>\n\n\n\n<p><span style=\"color: #993300;\"><strong><code><a href=\"http:\/\/www.bedephage.com\/\"><span style=\"color: #993300;\">Maison d'\u00e9dition : LOUP<\/span><\/a><\/code><\/strong><code><br \/>\n<\/code><\/span><\/p>\n\n\n\n<p><span style=\"color: #808080;\">&nbsp;<\/span><\/p>\n\n\n\n<h4><span style=\"color: #993300; font-size: medium;\">Prix : 17 \u20ac <\/span><\/h4>\n\n\n\n<p><\/p>\n\n\n\n<p><\/p>\n\n\n\n<blockquote class=\"wp-block-quote\">\n<p><span style=\"color: #808080;\"><em>L&rsquo;apocalypse est-elle pour demain? Si oui, que sera la vie des survivants? Et si au lieu d&rsquo;un univers d&rsquo;horreur \u00e0 la Mad Max, on imaginait un Paris o\u00f9 la nature renaissante et les pierres moussues formeraient un cadre de vie idyllique pour&nbsp;&nbsp;des femmes-plantes et des&nbsp;hommes-arbres? C&rsquo;est le th\u00e8me enchanteur des Flutiaux du bord de Seine, conte illustr\u00e9 d\u00e9licieusement po\u00e9tique<\/em><\/span><\/p>\n<cite><a href=\"http:\/\/www.bodoi.com\/\">BODOI<\/a>, les br\u00e8ves de d\u00e9cembre<\/cite><\/blockquote>\n\n\n\n<p><\/p>\n\n\n\n<h3><span style=\"color: #800000;\">3. Jusqu&rsquo;au bout du r\u00eave<\/span><\/h3>\n\n\n\n<p>Cet album a pu \u00eatre \u00e9dit\u00e9 gr\u00e2ce au soutien de tous les contributeurs \u00e0 la <a href=\"https:\/\/fr.ulule.com\/jusqu-au-bout-du-reve\/\">campagne de crowdfunding sur ulule.<\/a><\/p>\n\n\n\n<p>Ce projet a \u00e9galement \u00e9t\u00e9 retenu par la Fondation Roi Baudouin lors d&rsquo;un appel \u00e0 projet visant \u00e0 soutenir des artistes, auteurs, illustrateurs impact\u00e9s par le Covid. <\/p>\n\n\n\n<p>Merci \u00e0 tous!<\/p>\n\n\n<div class=\"wp-block-image\">\n<figure class=\"alignleft size-medium\"><a href=\"https:\/\/hughesrenier.be\/wp-content\/uploads\/2023\/01\/20221014_150532_001-2.jpg\"><img decoding=\"async\" loading=\"lazy\" width=\"300\" height=\"205\" src=\"https:\/\/hughesrenier.be\/wp-content\/uploads\/2023\/01\/20221014_150532_001-2-300x205.jpg\" alt=\"\" class=\"wp-image-1782\" srcset=\"http:\/\/hughesrenier.be\/wp-content\/uploads\/2023\/01\/20221014_150532_001-2-300x205.jpg 300w, http:\/\/hughesrenier.be\/wp-content\/uploads\/2023\/01\/20221014_150532_001-2-1024x699.jpg 1024w, http:\/\/hughesrenier.be\/wp-content\/uploads\/2023\/01\/20221014_150532_001-2-768x524.jpg 768w, http:\/\/hughesrenier.be\/wp-content\/uploads\/2023\/01\/20221014_150532_001-2.jpg 1375w\" sizes=\"(max-width: 300px) 100vw, 300px\" \/><\/a><figcaption class=\"wp-element-caption\"><br \/><\/figcaption><\/figure><\/div>\n\n\n<p><strong><mark style=\"background-color:rgba(0, 0, 0, 0);color:#a51616\" class=\"has-inline-color\">Paru en octobre 2022<br \/>Maison d&rsquo;\u00e9dition Acherb\u00e9<br \/><br \/>Prix : 20\u20ac<\/mark><\/strong><\/p>\n\n\n\n<p><\/p>\n\n\n\n<p><\/p>\n\n\n\n<p><\/p>\n\n\n\n<p>Parmi les habitants de ce Paris r\u00e9invent\u00e9 vit un luthier, Gauthier.\u00a0<br \/>Obs\u00e9d\u00e9 par l\u2019architecte Gaudi, sa derni\u00e8re cr\u00e9ation s\u2019appelle \u00ab\u00a0Gaudiade\u00a0\u00bb. Il d\u00e9cide d\u2019embarquer sur un ballon-voilier v\u00e9g\u00e9tal \u00e0 la poursuite de cet architecte de g\u00e9nie et d\u2019un son parfait. Traversant la France en passant par Chartres, Bourges et les grands Causses, l\u2019\u00e9quipage r\u00e9ussit enfin \u00e0 atteindre les c\u00f4tes espagnoles\u2026<\/p>\n\n\n\n<p>Gauthier emporte un carnet de voyage dont les&nbsp;<strong>illustrations<\/strong>&nbsp;(principalement brou de noix et encre de chine) sont r\u00e9alis\u00e9es par&nbsp;<strong>Iris<\/strong>. Les autres illustrations sont d\u2019<strong>Hughes Renier<\/strong>&nbsp;(encre de chine et aquarelle).&nbsp; &nbsp;<\/p>\n\n\n\n<h2 class=\"has-text-align-left\"><span style=\"color: #800000;\">Namaste<\/span><\/h2>\n\n\n\n<p class=\"has-text-align-left\"><span style=\"color: #808080;\"><strong><em>\u00ab\u00a0Namaste\u00a0\u00bb<\/em><\/strong> litt\u00e9ralement <strong>\u00ab\u00a0<em>Je salue le divin qui est en vous\u00a0\u00bb, <\/em><\/strong>est le mot utilis\u00e9 pour se saluer au N\u00e9pal, en joignant les mains paume contre paume <\/span><\/p>\n\n\n\n<p class=\"has-text-align-left\"><span style=\"color: #808080;\">&nbsp;<\/span><\/p>\n\n\n<div class=\"wp-block-image\">\n<figure class=\"alignleft\"><a href=\"http:\/\/www.anartiste.be\/namaste\/\"><img decoding=\"async\" loading=\"lazy\" width=\"300\" height=\"445\" src=\"http:\/\/hughesrenier.be\/wp-content\/uploads\/2012\/05\/couverture.namaste.jpg\" alt=\"\" class=\"wp-image-176\" title=\"couverture.namaste\" srcset=\"http:\/\/hughesrenier.be\/wp-content\/uploads\/2012\/05\/couverture.namaste.jpg 300w, http:\/\/hughesrenier.be\/wp-content\/uploads\/2012\/05\/couverture.namaste-202x300.jpg 202w\" sizes=\"(max-width: 300px) 100vw, 300px\" \/><\/a><\/figure><\/div>\n\n\n<p class=\"has-text-align-left\"><span style=\"color: #808080;\"><a href=\"http:\/\/hughesrenier.be\/wp-content\/uploads\/2012\/05\/couverture.namaste.jpg\"><span style=\"color: #808080;\"><\/span><\/a>&nbsp;Ni recueil, ni carnet de voyage, ni guide touristique, inclassable, nous l&rsquo;esp\u00e9rons&#8230;.<\/span><\/p>\n\n\n\n<p class=\"has-text-align-left\"><span style=\"color: #808080;\">Mosa\u00efque de couleurs, d&rsquo;ethnies, de langages, de paysages, de croyances\u2026le N\u00e9pal, mais surtout ses habitants nous ont beaucoup touch\u00e9.<\/span><\/p>\n\n\n\n<p>A chaque illustration (aquarelle et encre de chine), fait face un proverbe, en fran\u00e7ais et en anglais (traduction Daphn\u00e9 Harker)<\/p>\n\n\n\n<p class=\"has-text-align-left\"><a href=\"http:\/\/www.anartiste.be\/maison-dedition-acherbe\/\" target=\"_blank\" rel=\"noreferrer noopener\">M<span style=\"color: #993300;\"><span style=\"color: #993300;\">aison d&rsquo;\u00e9dition : Acherb\u00e9<\/span><\/span><\/a><\/p>\n\n\n\n<h4 class=\"has-text-align-left\"><span style=\"color: #993300;\">Prix : 20\u20ac<\/span> <\/h4>\n\n\n\n<p class=\"has-text-align-left\"><span style=\"color: #808080;\"><strong><span style=\"color: #993300;\"><\/span><\/strong><\/span><\/p>\n\n\n\n<p class=\"has-text-align-left\"><span style=\"color: #808080;\">&nbsp;<\/span><\/p>\n\n\n\n<p><\/p>\n\n\n\n<h2 class=\"has-text-align-left\"><span style=\"color: #808080;\">\u00a0<span style=\"color: #800000;\">Grain de riz, grain de poussi\u00e8re<\/span><\/span><\/h2>\n\n\n<div class=\"wp-block-image\">\n<figure class=\"alignleft\"><a href=\"http:\/\/www.anartiste.be\/grain-de-riz-grain-de-poussiere\/\"><img decoding=\"async\" src=\"http:\/\/www.anartiste.be\/wp-content\/uploads\/2014\/02\/couverture2-copie-182x300.jpg\" alt=\"couverture2 copie\" class=\"wp-image-353\"\/><\/a><\/figure><\/div>\n\n\n<p>Les tribulations d\u2019un grain de poussi\u00e8re au Cambodge, illustr\u00e9es par Hughes Renier et mises en mots par Iris.<\/p>\n\n\n\n<p>\u00e9dit\u00e9 en 500 exemplaires, avril 2015<\/p>\n\n\n\n<p><span style=\"color: #993300;\"><a href=\"http:\/\/www.anartiste.be\/maison-dedition-acherbe\/http:\/\/hughesrenier.be\/asbl\/maison-dedition-acherbe\/\" target=\"_blank\" rel=\"noreferrer noopener\">Maison d&rsquo;\u00e9dition : Acherb\u00e9<\/a><\/span><\/p>\n\n\n\n<h4 class=\"has-text-align-left\"><span style=\"color: #993300;\">Prix : 20\u20ac<\/span>  <\/h4>\n\n\n\n<p class=\"has-text-align-left\"><span style=\"color: #808080;\"><strong><span style=\"color: #993300;\"><\/span><\/strong><\/span><\/p>\n\n\n\n<p><\/p>\n\n\n\n<p><\/p>\n\n\n\n<p class=\"has-text-align-left\">Extrait, p 4 :<\/p>\n\n\n\n<figure class=\"wp-block-image\"><a href=\"http:\/\/www.anartiste.be\/wp-content\/uploads\/2014\/02\/cam2site.jpg\"><img decoding=\"async\" src=\"http:\/\/www.anartiste.be\/wp-content\/uploads\/2014\/02\/cam2site.jpg\" alt=\"cam2site\" class=\"wp-image-250\"\/><\/a><figcaption class=\"wp-element-caption\"><em>Accroch\u00e9 aux mailles d\u2019un filet de p\u00eache, j\u2019embarquai pour une croisi\u00e8re improvis\u00e9e<\/em>. <br \/> <em>A l\u2019horizon, de l\u2019eau, de l\u2019eau, de l\u2019eau\u2026ponctu\u00e9e d\u2019arbres \u00e0 demi immerg\u00e9s<\/em>. <br \/><em>Et pourtant, \u00e0 bien y regarder, la vie grouille, partout!<\/em><\/figcaption><\/figure>\n\n\n\n<p><\/p>\n\n\n\n<h2><mark style=\"background-color:rgba(0, 0, 0, 0);color:#9e0404\" class=\"has-inline-color\">Le Rire des mouettes<\/mark><\/h2>\n\n\n\n<p>Un conte largement illustr\u00e9 (gouaches et aquarelles) dans lequel il est question bien s\u00fbr de mouettes, mais aussi de sarcasmes, de terres disparues&#8230; ou \u00e0 dispara\u00eetre, de cauchemars, de r\u00e9flexions et de tout ce que vous pourrez y apporter vous-m\u00eame.<\/p>\n\n\n<div class=\"wp-block-image\">\n<figure class=\"alignleft size-large is-resized\"><img decoding=\"async\" loading=\"lazy\" src=\"http:\/\/hughesrenier.be\/wp-content\/uploads\/2017\/11\/couverturereduct.jpg\" alt=\"\" class=\"wp-image-1450\" width=\"229\" height=\"320\" srcset=\"http:\/\/hughesrenier.be\/wp-content\/uploads\/2017\/11\/couverturereduct.jpg 457w, http:\/\/hughesrenier.be\/wp-content\/uploads\/2017\/11\/couverturereduct-214x300.jpg 214w\" sizes=\"(max-width: 229px) 100vw, 229px\" \/><\/figure><\/div>\n\n\n<p>Certaines des illustrations ont fait l&rsquo;objet d&rsquo;une<strong><a href=\"http:\/\/hughesrenier.be\/nouvelle-exposition-a-labbaye-de-dielghem\/\"> exposition <\/a><\/strong>en f\u00e9vrier 2015.&nbsp;<\/p>\n\n\n\n<p>\u00a0<a href=\"https:\/\/www.anartiste.be\/maison-dedition-acherbe\/\">Maison d&rsquo;\u00e9dition Acherb\u00e9<\/a><\/p>\n\n\n\n<h4><mark style=\"background-color:rgba(0, 0, 0, 0)\" class=\"has-inline-color has-vivid-red-color\">Prix 20\u20ac<\/mark><\/h4>\n\n\n\n<p><\/p>\n","protected":false},"excerpt":{"rendered":"<p>Tous les albums peuvent \u00eatre command\u00e9s et livr\u00e9s (frais de livraison en fonction du pays). Trilogie plus d&rsquo;info 1.Ies courants silencieux du r\u00eave. Sorti en septembre 2002, \u00e0 l&rsquo;occasion du Festival de la BD d&rsquo;Arlon, o\u00f9 il a remport\u00e9 le 1er prix du premier album (1re \u00e9dition \u00e9puis\u00e9e). Maison d&rsquo;\u00e9dition : LOUP &nbsp; prix\u00a0 17<\/p>\n<p><a href=\"http:\/\/hughesrenier.be\/?page_id=10\" class=\"more-link themebutton\">Read More<\/a><\/p>\n","protected":false},"author":1,"featured_media":417,"parent":0,"menu_order":0,"comment_status":"open","ping_status":"closed","template":"","meta":{"_mi_skip_tracking":false,"ngg_post_thumbnail":0},"_links":{"self":[{"href":"http:\/\/hughesrenier.be\/index.php?rest_route=\/wp\/v2\/pages\/10"}],"collection":[{"href":"http:\/\/hughesrenier.be\/index.php?rest_route=\/wp\/v2\/pages"}],"about":[{"href":"http:\/\/hughesrenier.be\/index.php?rest_route=\/wp\/v2\/types\/page"}],"author":[{"embeddable":true,"href":"http:\/\/hughesrenier.be\/index.php?rest_route=\/wp\/v2\/users\/1"}],"replies":[{"embeddable":true,"href":"http:\/\/hughesrenier.be\/index.php?rest_route=%2Fwp%2Fv2%2Fcomments&post=10"}],"version-history":[{"count":59,"href":"http:\/\/hughesrenier.be\/index.php?rest_route=\/wp\/v2\/pages\/10\/revisions"}],"predecessor-version":[{"id":1795,"href":"http:\/\/hughesrenier.be\/index.php?rest_route=\/wp\/v2\/pages\/10\/revisions\/1795"}],"wp:featuredmedia":[{"embeddable":true,"href":"http:\/\/hughesrenier.be\/index.php?rest_route=\/wp\/v2\/media\/417"}],"wp:attachment":[{"href":"http:\/\/hughesrenier.be\/index.php?rest_route=%2Fwp%2Fv2%2Fmedia&parent=10"}],"curies":[{"name":"wp","href":"https:\/\/api.w.org\/{rel}","templated":true}]}}